{"id":7495,"date":"2024-12-05T16:34:56","date_gmt":"2024-12-05T16:34:56","guid":{"rendered":"https:\/\/education.dpworld.com\/?page_id=7495"},"modified":"2024-12-05T16:40:38","modified_gmt":"2024-12-05T16:40:38","slug":"accessibility","status":"publish","type":"page","link":"https:\/\/dpweducationportal.azurewebsites.net\/es\/accessibility\/","title":{"rendered":"Declaraci\u00f3n de Accesibilidad"},"content":{"rendered":"<div data-elementor-type=\"wp-page\" data-elementor-id=\"7495\" class=\"elementor elementor-7495\" data-elementor-post-type=\"page\">\n\t\t\t\t\t\t<section class=\"elementor-section elementor-top-section elementor-element elementor-element-a641ab5 elementor-section-boxed elementor-section-height-default elementor-section-height-default\" data-id=\"a641ab5\" data-element_type=\"section\" data-e-type=\"section\">\n\t\t\t\t\t\t<div class=\"elementor-container elementor-column-gap-default\">\n\t\t\t\t\t<div class=\"elementor-column elementor-col-100 elementor-top-column elementor-element elementor-element-3d7d351\" data-id=\"3d7d351\" data-element_type=\"column\" data-e-type=\"column\">\n\t\t\t<div class=\"elementor-widget-wrap elementor-element-populated\">\n\t\t\t\t\t\t<div class=\"elementor-element elementor-element-4283ef1 elementor-widget elementor-widget-text-editor\" data-id=\"4283ef1\" data-element_type=\"widget\" data-e-type=\"widget\" data-widget_type=\"text-editor.default\">\n\t\t\t\t<div class=\"elementor-widget-container\">\n\t\t\t\t\t\t\t\t\t<h1>Declaraci\u00f3n de Accesibilidad<\/h1><p class=\"translation-block\"><b>DP World<\/b> se esfuerza por garantizar que sus servicios digitales sean accesibles para las personas con discapacidad. <b>DP World<\/b> ha invertido importantes recursos para ayudar a garantizar el acceso para todos los usuarios, incluidas las personas con discapacidad, con la firme convicci\u00f3n de que toda persona tiene derecho a vivir con dignidad, igualdad, comodidad e independencia.<\/p><p>La accesibilidad digital no es solo un objetivo que pretendemos alcanzar, sino un compromiso continuo que llevamos en cada aspecto de nuestra prestaci\u00f3n de servicios digitales. Reconocemos que esto requiere un monitoreo, mejora y adaptaci\u00f3n continuos. En las siguientes secciones, detallamos los diversos esfuerzos que se han realizado para abordar nuestro progreso en garantizar la accesibilidad digital para todos.<\/p><p>Un elemento clave de nuestra iniciativa de accesibilidad es nuestra colaboraci\u00f3n con UserWay, una organizaci\u00f3n consultora de accesibilidad externa, para ayudar a que el sitio web cumpla con los est\u00e1ndares. Utilizamos m\u00e9todos y herramientas de accesibilidad est\u00e1ndar de la industria para lograrlo, de acuerdo con la versi\u00f3n relevante de las <a title=\"Web Content Accessibility Guidelines\" href=\"https:\/\/www.w3.org\/TR\/WCAG21\/\" rel=\"nofollow\">Web Content Accessibility Guidelines (WCAG) as set forth by the World Wide Web Consortium (W3C)<\/a> , la principal organizaci\u00f3n internacional de establecimiento de est\u00e1ndares de Internet.<\/p><p>Como parte de nuestro firme compromiso con la mejora y el abordaje de los desaf\u00edos de accesibilidad, utilizamos desarrolladores que son expertos en accesibilidad digital.<\/p><p>Nuestro enfoque de accesibilidad incluye tanto auditor\u00edas manuales de accesibilidad como an\u00e1lisis automatizados.<\/p><p class=\"translation-block\"><b>education.dpworld.com<\/b> pone a disposici\u00f3n el <a title=\"UserWay website\" href=\"https:\/\/userway.org\/\" rel=\"nofollow\" target=\"_self\" data-uw-rm-brl=\"PR\" data-uw-original-href=\"https:\/\/userway.org\/\">Widget de Accesibilidad Web de UserWay<\/a> que funciona mediante un servidor de accesibilidad dedicado.<\/p><p class=\"translation-block\">El Widget ofrece mejoras activadas por el usuario que permiten a los visitantes mejorar la accesibilidad del sitio. Estas funciones, cuando se seleccionan, aumentar\u00e1n el tama\u00f1o de la fuente, pausar\u00e1n las animaciones, cambiar\u00e1n el contraste de color y m\u00e1s. Las personas pueden elegir combinaciones que se adapten a sus necesidades, seg\u00fan el <a title=\"Web Content Accessibility Guidelines\" href=\"https:\/\/www.w3.org\/WAI\/WCAG22\/Understanding\/contrast-enhanced.html\" rel=\"nofollow\" target=\"_self\" data-uw-rm-brl=\"PR\" data-uw-original-href=\"https:\/\/www.w3.org\/WAI\/WCAG22\/Understanding\/contrast-enhanced.html\">Nivel AAA de WCAG<\/a>.<\/p><p class=\"translation-block\">El sitio ha habilitado la Tecnolog\u00eda de Remediaci\u00f3n Automatizada (ART) para todos los visitantes, ya sea que utilicen tecnolog\u00eda de asistencia o no. ART no detecta el uso de Tecnolog\u00eda de Asistencia; m\u00e1s bien, mejora la accesibilidad para todos los visitantes del sitio independientemente de su capacidad mediante el <a title=\"Overlay Capabilities Inventory\" href=\"https:\/\/a11yedge.github.io\/capabilities\/\" rel=\"nofollow\" target=\"_self\" data-uw-rm-brl=\"PR\" data-uw-original-href=\"https:\/\/a11yedge.github.io\/capabilities\/\">despliegue de capacidades de remediaci\u00f3n<\/a>  tales como (lista no exhaustiva):<\/p><ul><li>La navegaci\u00f3n por teclado se mejora con ayudas como la indicaci\u00f3n de enfoque y enlaces de salto;<\/li><li>La navegaci\u00f3n por teclado se mejora con ayudas como la indicaci\u00f3n de enfoque y enlaces de salto;<\/li><\/ul><p>\u00a0<\/p><h2>Cont\u00e1ctenos<\/h2><p>\u00a1Estamos aqu\u00ed para ayudarle y hacer que su experiencia sea lo m\u00e1s fluida e inclusiva posible! Si encuentra alg\u00fan problema de accesibilidad digital con nuestros productos o servicios, o necesita informaci\u00f3n relacionada con la accesibilidad digital, \u00a1queremos escucharlo! Adem\u00e1s, apreciamos y damos la bienvenida a los comentarios, y siempre estamos dispuestos a adoptar sugerencias para mejorar nuestros esfuerzos de accesibilidad digital.<\/p><p>Informaci\u00f3n de contacto:<\/p><ul><li>DP World<\/li><li class=\"translation-block\">Email: <a href=\"mailto:education@dpworld.com\" rel=\"nofollow\" target=\"_self\" aria-label=\"send an email to education@dpworld.com?trp-edit-translation=preview\" data-uw-rm-vglnk=\"\" uw-rm-vague-link-id=\"mailto:education@dpworld.com?trp-edit-translation=preview$send an email to education@dpworld.com?trp-edit-translation=preview\">education@dpworld.com<\/a><\/li><\/ul><p>\u00a0<\/p><p>Nos tomamos la accesibilidad muy en serio y le responderemos en breve.<\/p>\t\t\t\t\t\t\t\t<\/div>\n\t\t\t\t<\/div>\n\t\t\t\t\t<\/div>\n\t\t<\/div>\n\t\t\t\t\t<\/div>\n\t\t<\/section>\n\t\t\t\t<\/div>","protected":false},"excerpt":{"rendered":"<p>Accessibility Statement DP World strives to ensure that its digital services are accessible to people with disabilities. DP World has invested significant resources to help ensure access for all users, including people with disabilities, with the strong belief that every person has the right to live with dignity, equality, comfort and independence. Digital accessibility is [&hellip;]<\/p>\n","protected":false},"author":12,"featured_media":0,"parent":0,"menu_order":0,"comment_status":"closed","ping_status":"closed","template":"","meta":{"_acf_changed":false,"_glsr_average":0,"_glsr_ranking":0,"_glsr_reviews":0,"footnotes":""},"key-stage":[],"resource-keyword":[],"resource-tag":[],"resource-type":[],"sdg":[],"search-phrase":[],"resource_subject":[],"class_list":["post-7495","page","type-page","status-publish","hentry"],"acf":[],"yoast_head":"<!-- This site is optimized with the Yoast SEO plugin v27.4 - https:\/\/yoast.com\/product\/yoast-seo-wordpress\/ -->\n<title>Accessibility Statement - DP World - Education<\/title>\n<meta name=\"robots\" content=\"index, follow, max-snippet:-1, max-image-preview:large, max-video-preview:-1\" \/>\n<link rel=\"canonical\" href=\"https:\/\/education.dpworld.com\/accessibility\/\" \/>\n<meta property=\"og:locale\" content=\"es_ES\" \/>\n<meta property=\"og:type\" content=\"article\" \/>\n<meta property=\"og:title\" content=\"Accessibility Statement - DP World - Education\" \/>\n<meta property=\"og:description\" content=\"Accessibility Statement DP World strives to ensure that its digital services are accessible to people with disabilities. DP World has invested significant resources to help ensure access for all users, including people with disabilities, with the strong belief that every person has the right to live with dignity, equality, comfort and independence. Digital accessibility is [&hellip;]\" \/>\n<meta property=\"og:url\" content=\"https:\/\/education.dpworld.com\/accessibility\/\" \/>\n<meta property=\"og:site_name\" content=\"DP World - Education\" \/>\n<meta property=\"article:publisher\" content=\"http:\/\/facebook.com\/DPWorld\" \/>\n<meta property=\"article:modified_time\" content=\"2024-12-05T16:40:38+00:00\" \/>\n<meta name=\"twitter:card\" content=\"summary_large_image\" \/>\n<meta name=\"twitter:site\" content=\"@DP_World\" \/>\n<meta name=\"twitter:label1\" content=\"Tiempo de lectura\" \/>\n\t<meta name=\"twitter:data1\" content=\"2 minutos\" \/>\n<script type=\"application\/ld+json\" class=\"yoast-schema-graph\">{\"@context\":\"https:\\\/\\\/schema.org\",\"@graph\":[{\"@type\":\"WebPage\",\"@id\":\"https:\\\/\\\/education.dpworld.com\\\/accessibility\\\/\",\"url\":\"https:\\\/\\\/education.dpworld.com\\\/accessibility\\\/\",\"name\":\"Accessibility Statement - DP World - Education\",\"isPartOf\":{\"@id\":\"https:\\\/\\\/dpweducationportal.azurewebsites.net\\\/es\\\/#website\"},\"datePublished\":\"2024-12-05T16:34:56+00:00\",\"dateModified\":\"2024-12-05T16:40:38+00:00\",\"breadcrumb\":{\"@id\":\"https:\\\/\\\/education.dpworld.com\\\/accessibility\\\/#breadcrumb\"},\"inLanguage\":\"es\",\"potentialAction\":[{\"@type\":\"ReadAction\",\"target\":[\"https:\\\/\\\/education.dpworld.com\\\/accessibility\\\/\"]}]},{\"@type\":\"BreadcrumbList\",\"@id\":\"https:\\\/\\\/education.dpworld.com\\\/accessibility\\\/#breadcrumb\",\"itemListElement\":[{\"@type\":\"ListItem\",\"position\":1,\"name\":\"Home\",\"item\":\"https:\\\/\\\/education.dpworld.com\\\/\"},{\"@type\":\"ListItem\",\"position\":2,\"name\":\"Accessibility Statement\"}]},{\"@type\":\"WebSite\",\"@id\":\"https:\\\/\\\/dpweducationportal.azurewebsites.net\\\/es\\\/#website\",\"url\":\"https:\\\/\\\/dpweducationportal.azurewebsites.net\\\/es\\\/\",\"name\":\"DP World - Education\",\"description\":\"\",\"publisher\":{\"@id\":\"https:\\\/\\\/dpweducationportal.azurewebsites.net\\\/es\\\/#organization\"},\"potentialAction\":[{\"@type\":\"SearchAction\",\"target\":{\"@type\":\"EntryPoint\",\"urlTemplate\":\"https:\\\/\\\/dpweducationportal.azurewebsites.net\\\/es\\\/?s={search_term_string}\"},\"query-input\":{\"@type\":\"PropertyValueSpecification\",\"valueRequired\":true,\"valueName\":\"search_term_string\"}}],\"inLanguage\":\"es\"},{\"@type\":\"Organization\",\"@id\":\"https:\\\/\\\/dpweducationportal.azurewebsites.net\\\/es\\\/#organization\",\"name\":\"DPWorld\",\"url\":\"https:\\\/\\\/dpweducationportal.azurewebsites.net\\\/es\\\/\",\"logo\":{\"@type\":\"ImageObject\",\"inLanguage\":\"es\",\"@id\":\"https:\\\/\\\/dpweducationportal.azurewebsites.net\\\/es\\\/#\\\/schema\\\/logo\\\/image\\\/\",\"url\":\"\\\/wp-content\\\/uploads\\\/2023\\\/07\\\/dp-world-logo.png\",\"contentUrl\":\"\\\/wp-content\\\/uploads\\\/2023\\\/07\\\/dp-world-logo.png\",\"width\":794,\"height\":182,\"caption\":\"DPWorld\"},\"image\":{\"@id\":\"https:\\\/\\\/dpweducationportal.azurewebsites.net\\\/es\\\/#\\\/schema\\\/logo\\\/image\\\/\"},\"sameAs\":[\"http:\\\/\\\/facebook.com\\\/DPWorld\",\"https:\\\/\\\/x.com\\\/DP_World\",\"https:\\\/\\\/www.linkedin.com\\\/company\\\/dp-world\\\/\",\"https:\\\/\\\/www.instagram.com\\\/dpworld\\\/\",\"https:\\\/\\\/www.youtube.com\\\/user\\\/DPWorldinfo\"]}]}<\/script>\n<!-- \/ Yoast SEO plugin. -->","yoast_head_json":{"title":"Accessibility Statement - DP World - Education","robots":{"index":"index","follow":"follow","max-snippet":"max-snippet:-1","max-image-preview":"max-image-preview:large","max-video-preview":"max-video-preview:-1"},"canonical":"https:\/\/education.dpworld.com\/accessibility\/","og_locale":"es_ES","og_type":"article","og_title":"Accessibility Statement - DP World - Education","og_description":"Accessibility Statement DP World strives to ensure that its digital services are accessible to people with disabilities. DP World has invested significant resources to help ensure access for all users, including people with disabilities, with the strong belief that every person has the right to live with dignity, equality, comfort and independence. Digital accessibility is [&hellip;]","og_url":"https:\/\/education.dpworld.com\/accessibility\/","og_site_name":"DP World - Education","article_publisher":"http:\/\/facebook.com\/DPWorld","article_modified_time":"2024-12-05T16:40:38+00:00","twitter_card":"summary_large_image","twitter_site":"@DP_World","twitter_misc":{"Tiempo de lectura":"2 minutos"},"schema":{"@context":"https:\/\/schema.org","@graph":[{"@type":"WebPage","@id":"https:\/\/education.dpworld.com\/accessibility\/","url":"https:\/\/education.dpworld.com\/accessibility\/","name":"Accessibility Statement - DP World - Education","isPartOf":{"@id":"https:\/\/dpweducationportal.azurewebsites.net\/es\/#website"},"datePublished":"2024-12-05T16:34:56+00:00","dateModified":"2024-12-05T16:40:38+00:00","breadcrumb":{"@id":"https:\/\/education.dpworld.com\/accessibility\/#breadcrumb"},"inLanguage":"es","potentialAction":[{"@type":"ReadAction","target":["https:\/\/education.dpworld.com\/accessibility\/"]}]},{"@type":"BreadcrumbList","@id":"https:\/\/education.dpworld.com\/accessibility\/#breadcrumb","itemListElement":[{"@type":"ListItem","position":1,"name":"Home","item":"https:\/\/education.dpworld.com\/"},{"@type":"ListItem","position":2,"name":"Accessibility Statement"}]},{"@type":"WebSite","@id":"https:\/\/dpweducationportal.azurewebsites.net\/es\/#website","url":"https:\/\/dpweducationportal.azurewebsites.net\/es\/","name":"DP World - Education","description":"","publisher":{"@id":"https:\/\/dpweducationportal.azurewebsites.net\/es\/#organization"},"potentialAction":[{"@type":"SearchAction","target":{"@type":"EntryPoint","urlTemplate":"https:\/\/dpweducationportal.azurewebsites.net\/es\/?s={search_term_string}"},"query-input":{"@type":"PropertyValueSpecification","valueRequired":true,"valueName":"search_term_string"}}],"inLanguage":"es"},{"@type":"Organization","@id":"https:\/\/dpweducationportal.azurewebsites.net\/es\/#organization","name":"DPWorld","url":"https:\/\/dpweducationportal.azurewebsites.net\/es\/","logo":{"@type":"ImageObject","inLanguage":"es","@id":"https:\/\/dpweducationportal.azurewebsites.net\/es\/#\/schema\/logo\/image\/","url":"\/wp-content\/uploads\/2023\/07\/dp-world-logo.png","contentUrl":"\/wp-content\/uploads\/2023\/07\/dp-world-logo.png","width":794,"height":182,"caption":"DPWorld"},"image":{"@id":"https:\/\/dpweducationportal.azurewebsites.net\/es\/#\/schema\/logo\/image\/"},"sameAs":["http:\/\/facebook.com\/DPWorld","https:\/\/x.com\/DP_World","https:\/\/www.linkedin.com\/company\/dp-world\/","https:\/\/www.instagram.com\/dpworld\/","https:\/\/www.youtube.com\/user\/DPWorldinfo"]}]}},"_links":{"self":[{"href":"https:\/\/dpweducationportal.azurewebsites.net\/es\/wp-json\/wp\/v2\/pages\/7495","targetHints":{"allow":["GET"]}}],"collection":[{"href":"https:\/\/dpweducationportal.azurewebsites.net\/es\/wp-json\/wp\/v2\/pages"}],"about":[{"href":"https:\/\/dpweducationportal.azurewebsites.net\/es\/wp-json\/wp\/v2\/types\/page"}],"author":[{"embeddable":true,"href":"https:\/\/dpweducationportal.azurewebsites.net\/es\/wp-json\/wp\/v2\/users\/12"}],"replies":[{"embeddable":true,"href":"https:\/\/dpweducationportal.azurewebsites.net\/es\/wp-json\/wp\/v2\/comments?post=7495"}],"version-history":[{"count":11,"href":"https:\/\/dpweducationportal.azurewebsites.net\/es\/wp-json\/wp\/v2\/pages\/7495\/revisions"}],"predecessor-version":[{"id":7539,"href":"https:\/\/dpweducationportal.azurewebsites.net\/es\/wp-json\/wp\/v2\/pages\/7495\/revisions\/7539"}],"wp:attachment":[{"href":"https:\/\/dpweducationportal.azurewebsites.net\/es\/wp-json\/wp\/v2\/media?parent=7495"}],"wp:term":[{"taxonomy":"key-stage","embeddable":true,"href":"https:\/\/dpweducationportal.azurewebsites.net\/es\/wp-json\/wp\/v2\/key-stage?post=7495"},{"taxonomy":"resource-keyword","embeddable":true,"href":"https:\/\/dpweducationportal.azurewebsites.net\/es\/wp-json\/wp\/v2\/resource-keyword?post=7495"},{"taxonomy":"resource-tag","embeddable":true,"href":"https:\/\/dpweducationportal.azurewebsites.net\/es\/wp-json\/wp\/v2\/resource-tag?post=7495"},{"taxonomy":"resource-type","embeddable":true,"href":"https:\/\/dpweducationportal.azurewebsites.net\/es\/wp-json\/wp\/v2\/resource-type?post=7495"},{"taxonomy":"sdg","embeddable":true,"href":"https:\/\/dpweducationportal.azurewebsites.net\/es\/wp-json\/wp\/v2\/sdg?post=7495"},{"taxonomy":"search-phrase","embeddable":true,"href":"https:\/\/dpweducationportal.azurewebsites.net\/es\/wp-json\/wp\/v2\/search-phrase?post=7495"},{"taxonomy":"resource_subject","embeddable":true,"href":"https:\/\/dpweducationportal.azurewebsites.net\/es\/wp-json\/wp\/v2\/resource_subject?post=7495"}],"curies":[{"name":"wp","href":"https:\/\/api.w.org\/{rel}","templated":true}]}}